{"id":169,"date":"2023-02-09T07:51:37","date_gmt":"2023-02-09T07:51:37","guid":{"rendered":"https:\/\/werbetechnik.net\/?page_id=169"},"modified":"2023-03-03T07:32:25","modified_gmt":"2023-03-03T07:32:25","slug":"lichtkanal","status":"publish","type":"page","link":"https:\/\/werbetechnik.net\/index.php\/lichtkanal\/","title":{"rendered":"Lichtkanal"},"content":{"rendered":"\n<div id=\"wp-block-themeisle-blocks-advanced-columns-a2946a77\" class=\"wp-block-themeisle-blocks-advanced-columns alignfull has-2-columns has-desktop-equal-layout has-tablet-equal-layout has-mobile-collapsedRows-layout has-vertical-center ticss-a2946a77 has-dark-bg coblocks-animate\" data-coblocks-animation=\"slideInBottom\"><div class=\"wp-block-themeisle-blocks-advanced-columns-overlay\"><\/div><div class=\"innerblocks-wrap\">\n<div id=\"wp-block-themeisle-blocks-advanced-column-bbddf55b\" class=\"wp-block-themeisle-blocks-advanced-column\"><div class=\"wp-block-image\">\n<figure class=\"aligncenter size-large is-resized\"><img loading=\"lazy\" decoding=\"async\" src=\"https:\/\/werbetechnik.net\/wp-content\/uploads\/2023\/02\/adidas-lichtwerbung-1024x768.jpg\" alt=\"Ausdrucksstark, gro\u00dffl\u00e4chig und markant.  Die Lichtkan\u00e4le von Hoffschmidt\u2019s Werbeteam beleuchten Ein- und Durchg\u00e4nge in verschiedensten Farben.\" class=\"wp-image-824\" width=\"687\" height=\"515\" srcset=\"https:\/\/werbetechnik.net\/wp-content\/uploads\/2023\/02\/adidas-lichtwerbung-1024x768.jpg 1024w, https:\/\/werbetechnik.net\/wp-content\/uploads\/2023\/02\/adidas-lichtwerbung-300x225.jpg 300w, https:\/\/werbetechnik.net\/wp-content\/uploads\/2023\/02\/adidas-lichtwerbung-768x576.jpg 768w, https:\/\/werbetechnik.net\/wp-content\/uploads\/2023\/02\/adidas-lichtwerbung-1536x1152.jpg 1536w, https:\/\/werbetechnik.net\/wp-content\/uploads\/2023\/02\/adidas-lichtwerbung-2048x1536.jpg 2048w\" sizes=\"auto, (max-width: 687px) 100vw, 687px\" \/><\/figure>\n<\/div><\/div>\n\n\n\n<div id=\"wp-block-themeisle-blocks-advanced-column-92b2db05\" class=\"wp-block-themeisle-blocks-advanced-column\">\n<h2 id=\"wp-block-themeisle-blocks-advanced-heading-8f1f2647\" class=\"wp-block-themeisle-blocks-advanced-heading wp-block-themeisle-blocks-advanced-heading-8f1f2647\">Lichtkanal<\/h2>\n\n\n\n<p class=\"has-white-color has-text-color\">Ausdrucksstark, gro\u00dffl\u00e4chig und markant. &nbsp;Die Lichtkan\u00e4le von Hoffschmidt&#8217;s Werbeteam beleuchten Ein- und Durchg\u00e4nge in verschiedensten Farben.<\/p>\n\n\n\n<div class=\"wp-block-buttons is-layout-flex wp-block-buttons-is-layout-flex\"><\/div>\n<\/div>\n<\/div><\/div>\n\n\n\n<div style=\"height:30px\" aria-hidden=\"true\" class=\"wp-block-spacer\"><\/div>\n\n\n\n<div class=\"wp-block-columns coblocks-animate is-layout-flex wp-container-core-columns-is-layout-9d6595d7 wp-block-columns-is-layout-flex\" data-coblocks-animation=\"slideInBottom\">\n<div class=\"wp-block-column is-layout-flow wp-block-column-is-layout-flow\">\n<p class=\"has-text-align-center has-large-font-size has-custom-weight\" style=\"font-weight:bold\">Preis\u00fcbersicht<\/p>\n\n\n\n<div class=\"wp-block-columns is-layout-flex wp-container-core-columns-is-layout-9d6595d7 wp-block-columns-is-layout-flex\">\n<div class=\"wp-block-column is-layout-flow wp-block-column-is-layout-flow\">\n<p class=\"has-text-align-left\">Standard&nbsp;silber\/dunkelgrau.&nbsp;<br>Auf&nbsp;Wunsch&nbsp;abweichende&nbsp;Farben&nbsp;gegen&nbsp;Aufpreis.&nbsp;<br>Durchmesser&nbsp;nur&nbsp;60mm.&nbsp;Wandhalter&nbsp;300mm.&nbsp;<br>Ausleuchtung&nbsp;bis&nbsp;H&nbsp;=&nbsp;1400mm&nbsp;(gegen&nbsp;Aufpreis&nbsp;+15%&nbsp;bis&nbsp;2000mm).&nbsp;<br>Leuchtr\u00f6hren&nbsp;bis&nbsp;zu&nbsp;12000&nbsp;Betriebsstd.&nbsp;<br>Lichtlinie&nbsp;aus&nbsp;Kunststoff,&nbsp;Wandhalter&nbsp;aus&nbsp;Aluminium&nbsp;beschichtet.&nbsp;Outdoor geeignet.<\/p>\n<\/div>\n\n\n\n<div class=\"wp-block-column is-layout-flow wp-block-column-is-layout-flow\">&#91;table \u201c27\u201d not found \/&#93;<br \/>\n<\/div>\n<\/div>\n<\/div>\n<\/div>\n\n\n\n<div style=\"height:30px\" aria-hidden=\"true\" class=\"wp-block-spacer\"><\/div>\n\n\n\n<div class=\"wp-block-columns coblocks-animate is-layout-flex wp-container-core-columns-is-layout-9d6595d7 wp-block-columns-is-layout-flex\" data-coblocks-animation=\"slideInBottom\">\n<div class=\"wp-block-column is-layout-flow wp-block-column-is-layout-flow\">\n<p class=\"has-large-font-size has-custom-weight\" style=\"font-weight:bold\">Lichtkanal<\/p>\n\n\n\n<p>Einfacher&nbsp;Lichtkanal&nbsp;aus&nbsp;Aluminium&nbsp;Silber&nbsp;lackiert,<br>inkl.&nbsp;Wand&nbsp;Halterungen&nbsp;und&nbsp;Leuchtmittel.&nbsp;<br>Wie&nbsp;immer&nbsp;zzgl.&nbsp;Verpackung&nbsp;und&nbsp;Versand.<\/p>\n<\/div>\n\n\n\n<div class=\"wp-block-column is-layout-flow wp-block-column-is-layout-flow\">&#91;table \u201c28\u201d not found \/&#93;<br \/>\n<\/div>\n<\/div>\n\n\n\n<div style=\"height:30px\" aria-hidden=\"true\" class=\"wp-block-spacer\"><\/div>\n","protected":false},"excerpt":{"rendered":"<p>Preis\u00fcbersicht Standard&nbsp;silber\/dunkelgrau.&nbsp;Auf&nbsp;Wunsch&nbsp;abweichende&nbsp;Farben&nbsp;gegen&nbsp;Aufpreis.&nbsp;Durchmesser&nbsp;nur&nbsp;60mm.&nbsp;Wandhalter&nbsp;300mm.&nbsp;Ausleuchtung&nbsp;bis&nbsp;H&nbsp;=&nbsp;1400mm&nbsp;(gegen&nbsp;Aufpreis&nbsp;+15%&nbsp;bis&nbsp;2000mm).&nbsp;Leuchtr\u00f6hren&nbsp;bis&nbsp;zu&nbsp;12000&nbsp;Betriebsstd.&nbsp;Lichtlinie&nbsp;aus&nbsp;Kunststoff,&nbsp;Wandhalter&nbsp;aus&nbsp;Aluminium&nbsp;beschichtet.&nbsp;Outdoor geeignet. Lichtkanal Einfacher&nbsp;Lichtkanal&nbsp;aus&nbsp;Aluminium&nbsp;Silber&nbsp;lackiert,inkl.&nbsp;Wand&nbsp;Halterungen&nbsp;und&nbsp;Leuchtmittel.&nbsp;Wie&nbsp;immer&nbsp;zzgl.&nbsp;Verpackung&nbsp;und&nbsp;Versand.<\/p>\n","protected":false},"author":2,"featured_media":0,"parent":0,"menu_order":0,"comment_status":"closed","ping_status":"closed","template":"","meta":{"_coblocks_attr":"","_coblocks_dimensions":"","_coblocks_responsive_height":"","_coblocks_accordion_ie_support":"","_eb_attr":"","neve_meta_sidebar":"","neve_meta_container":"","neve_meta_enable_content_width":"","neve_meta_content_width":0,"neve_meta_title_alignment":"","neve_meta_author_avatar":"","neve_post_elements_order":"","neve_meta_disable_header":"","neve_meta_disable_footer":"","neve_meta_disable_title":"","_themeisle_gutenberg_block_has_review":false,"footnotes":""},"class_list":["post-169","page","type-page","status-publish","hentry"],"yoast_head":"<!-- This site is optimized with the Yoast SEO plugin v27.6 - https:\/\/yoast.com\/product\/yoast-seo-wordpress\/ -->\n<title>Lichtkanal - Hoffschmidt Werbeteam<\/title>\n<meta name=\"description\" content=\"Ausdrucksstark, gro\u00dffl\u00e4chig und markant. Die Lichtkan\u00e4le von Hoffschmidt\u2019s Werbeteam beleuchten Ein- und Durchg\u00e4nge in verschiedensten Farben.\" \/>\n<meta name=\"robots\" content=\"noindex, follow, max-snippet:-1, max-image-preview:large, max-video-preview:-1\" \/>\n<meta property=\"og:locale\" content=\"de_DE\" \/>\n<meta property=\"og:type\" content=\"article\" \/>\n<meta property=\"og:title\" content=\"Lichtkanal - Hoffschmidt Werbeteam\" \/>\n<meta property=\"og:description\" content=\"Ausdrucksstark, gro\u00dffl\u00e4chig und markant. Die Lichtkan\u00e4le von Hoffschmidt\u2019s Werbeteam beleuchten Ein- und Durchg\u00e4nge in verschiedensten Farben.\" \/>\n<meta property=\"og:url\" content=\"https:\/\/werbetechnik.net\/index.php\/lichtkanal\/\" \/>\n<meta property=\"og:site_name\" content=\"Hoffschmidt Werbeteam\" \/>\n<meta property=\"article:publisher\" content=\"https:\/\/www.facebook.com\/people\/Hoffschmidt-Werbeteam\" \/>\n<meta property=\"article:modified_time\" content=\"2023-03-03T07:32:25+00:00\" \/>\n<meta property=\"og:image\" content=\"https:\/\/werbetechnik.net\/wp-content\/uploads\/2023\/02\/adidas-lichtwerbung-1024x768.jpg\" \/>\n<meta name=\"twitter:card\" content=\"summary_large_image\" \/>\n<meta name=\"twitter:label1\" content=\"Gesch\u00e4tzte Lesezeit\" \/>\n\t<meta name=\"twitter:data1\" content=\"1\u00a0Minute\" \/>\n<script type=\"application\/ld+json\" class=\"yoast-schema-graph\">{\"@context\":\"https:\\\/\\\/schema.org\",\"@graph\":[{\"@type\":\"WebPage\",\"@id\":\"https:\\\/\\\/werbetechnik.net\\\/index.php\\\/lichtkanal\\\/\",\"url\":\"https:\\\/\\\/werbetechnik.net\\\/index.php\\\/lichtkanal\\\/\",\"name\":\"Lichtkanal - Hoffschmidt Werbeteam\",\"isPartOf\":{\"@id\":\"https:\\\/\\\/werbetechnik.net\\\/#website\"},\"primaryImageOfPage\":{\"@id\":\"https:\\\/\\\/werbetechnik.net\\\/index.php\\\/lichtkanal\\\/#primaryimage\"},\"image\":{\"@id\":\"https:\\\/\\\/werbetechnik.net\\\/index.php\\\/lichtkanal\\\/#primaryimage\"},\"thumbnailUrl\":\"https:\\\/\\\/werbetechnik.net\\\/wp-content\\\/uploads\\\/2023\\\/02\\\/adidas-lichtwerbung-1024x768.jpg\",\"datePublished\":\"2023-02-09T07:51:37+00:00\",\"dateModified\":\"2023-03-03T07:32:25+00:00\",\"description\":\"Ausdrucksstark, gro\u00dffl\u00e4chig und markant. Die Lichtkan\u00e4le von Hoffschmidt\u2019s Werbeteam beleuchten Ein- und Durchg\u00e4nge in verschiedensten Farben.\",\"breadcrumb\":{\"@id\":\"https:\\\/\\\/werbetechnik.net\\\/index.php\\\/lichtkanal\\\/#breadcrumb\"},\"inLanguage\":\"de\",\"potentialAction\":[{\"@type\":\"ReadAction\",\"target\":[\"https:\\\/\\\/werbetechnik.net\\\/index.php\\\/lichtkanal\\\/\"]}]},{\"@type\":\"ImageObject\",\"inLanguage\":\"de\",\"@id\":\"https:\\\/\\\/werbetechnik.net\\\/index.php\\\/lichtkanal\\\/#primaryimage\",\"url\":\"https:\\\/\\\/werbetechnik.net\\\/wp-content\\\/uploads\\\/2023\\\/02\\\/adidas-lichtwerbung-scaled.jpg\",\"contentUrl\":\"https:\\\/\\\/werbetechnik.net\\\/wp-content\\\/uploads\\\/2023\\\/02\\\/adidas-lichtwerbung-scaled.jpg\",\"width\":2560,\"height\":1920},{\"@type\":\"BreadcrumbList\",\"@id\":\"https:\\\/\\\/werbetechnik.net\\\/index.php\\\/lichtkanal\\\/#breadcrumb\",\"itemListElement\":[{\"@type\":\"ListItem\",\"position\":1,\"name\":\"Startseite\",\"item\":\"https:\\\/\\\/werbetechnik.net\\\/\"},{\"@type\":\"ListItem\",\"position\":2,\"name\":\"Lichtkanal\"}]},{\"@type\":\"WebSite\",\"@id\":\"https:\\\/\\\/werbetechnik.net\\\/#website\",\"url\":\"https:\\\/\\\/werbetechnik.net\\\/\",\"name\":\"Hoffschmidt Werbeteam\",\"description\":\"sichtbar bessere Werbung!\",\"potentialAction\":[{\"@type\":\"SearchAction\",\"target\":{\"@type\":\"EntryPoint\",\"urlTemplate\":\"https:\\\/\\\/werbetechnik.net\\\/?s={search_term_string}\"},\"query-input\":{\"@type\":\"PropertyValueSpecification\",\"valueRequired\":true,\"valueName\":\"search_term_string\"}}],\"inLanguage\":\"de\"}]}<\/script>\n<!-- \/ Yoast SEO plugin. -->","yoast_head_json":{"title":"Lichtkanal - Hoffschmidt Werbeteam","description":"Ausdrucksstark, gro\u00dffl\u00e4chig und markant. Die Lichtkan\u00e4le von Hoffschmidt\u2019s Werbeteam beleuchten Ein- und Durchg\u00e4nge in verschiedensten Farben.","robots":{"index":"noindex","follow":"follow","max-snippet":"max-snippet:-1","max-image-preview":"max-image-preview:large","max-video-preview":"max-video-preview:-1"},"og_locale":"de_DE","og_type":"article","og_title":"Lichtkanal - Hoffschmidt Werbeteam","og_description":"Ausdrucksstark, gro\u00dffl\u00e4chig und markant. Die Lichtkan\u00e4le von Hoffschmidt\u2019s Werbeteam beleuchten Ein- und Durchg\u00e4nge in verschiedensten Farben.","og_url":"https:\/\/werbetechnik.net\/index.php\/lichtkanal\/","og_site_name":"Hoffschmidt Werbeteam","article_publisher":"https:\/\/www.facebook.com\/people\/Hoffschmidt-Werbeteam","article_modified_time":"2023-03-03T07:32:25+00:00","og_image":[{"url":"https:\/\/werbetechnik.net\/wp-content\/uploads\/2023\/02\/adidas-lichtwerbung-1024x768.jpg","type":"","width":"","height":""}],"twitter_card":"summary_large_image","twitter_misc":{"Gesch\u00e4tzte Lesezeit":"1\u00a0Minute"},"schema":{"@context":"https:\/\/schema.org","@graph":[{"@type":"WebPage","@id":"https:\/\/werbetechnik.net\/index.php\/lichtkanal\/","url":"https:\/\/werbetechnik.net\/index.php\/lichtkanal\/","name":"Lichtkanal - Hoffschmidt Werbeteam","isPartOf":{"@id":"https:\/\/werbetechnik.net\/#website"},"primaryImageOfPage":{"@id":"https:\/\/werbetechnik.net\/index.php\/lichtkanal\/#primaryimage"},"image":{"@id":"https:\/\/werbetechnik.net\/index.php\/lichtkanal\/#primaryimage"},"thumbnailUrl":"https:\/\/werbetechnik.net\/wp-content\/uploads\/2023\/02\/adidas-lichtwerbung-1024x768.jpg","datePublished":"2023-02-09T07:51:37+00:00","dateModified":"2023-03-03T07:32:25+00:00","description":"Ausdrucksstark, gro\u00dffl\u00e4chig und markant. Die Lichtkan\u00e4le von Hoffschmidt\u2019s Werbeteam beleuchten Ein- und Durchg\u00e4nge in verschiedensten Farben.","breadcrumb":{"@id":"https:\/\/werbetechnik.net\/index.php\/lichtkanal\/#breadcrumb"},"inLanguage":"de","potentialAction":[{"@type":"ReadAction","target":["https:\/\/werbetechnik.net\/index.php\/lichtkanal\/"]}]},{"@type":"ImageObject","inLanguage":"de","@id":"https:\/\/werbetechnik.net\/index.php\/lichtkanal\/#primaryimage","url":"https:\/\/werbetechnik.net\/wp-content\/uploads\/2023\/02\/adidas-lichtwerbung-scaled.jpg","contentUrl":"https:\/\/werbetechnik.net\/wp-content\/uploads\/2023\/02\/adidas-lichtwerbung-scaled.jpg","width":2560,"height":1920},{"@type":"BreadcrumbList","@id":"https:\/\/werbetechnik.net\/index.php\/lichtkanal\/#breadcrumb","itemListElement":[{"@type":"ListItem","position":1,"name":"Startseite","item":"https:\/\/werbetechnik.net\/"},{"@type":"ListItem","position":2,"name":"Lichtkanal"}]},{"@type":"WebSite","@id":"https:\/\/werbetechnik.net\/#website","url":"https:\/\/werbetechnik.net\/","name":"Hoffschmidt Werbeteam","description":"sichtbar bessere Werbung!","potentialAction":[{"@type":"SearchAction","target":{"@type":"EntryPoint","urlTemplate":"https:\/\/werbetechnik.net\/?s={search_term_string}"},"query-input":{"@type":"PropertyValueSpecification","valueRequired":true,"valueName":"search_term_string"}}],"inLanguage":"de"}]}},"_links":{"self":[{"href":"https:\/\/werbetechnik.net\/index.php\/wp-json\/wp\/v2\/pages\/169","targetHints":{"allow":["GET"]}}],"collection":[{"href":"https:\/\/werbetechnik.net\/index.php\/wp-json\/wp\/v2\/pages"}],"about":[{"href":"https:\/\/werbetechnik.net\/index.php\/wp-json\/wp\/v2\/types\/page"}],"author":[{"embeddable":true,"href":"https:\/\/werbetechnik.net\/index.php\/wp-json\/wp\/v2\/users\/2"}],"replies":[{"embeddable":true,"href":"https:\/\/werbetechnik.net\/index.php\/wp-json\/wp\/v2\/comments?post=169"}],"version-history":[{"count":16,"href":"https:\/\/werbetechnik.net\/index.php\/wp-json\/wp\/v2\/pages\/169\/revisions"}],"predecessor-version":[{"id":1249,"href":"https:\/\/werbetechnik.net\/index.php\/wp-json\/wp\/v2\/pages\/169\/revisions\/1249"}],"wp:attachment":[{"href":"https:\/\/werbetechnik.net\/index.php\/wp-json\/wp\/v2\/media?parent=169"}],"curies":[{"name":"wp","href":"https:\/\/api.w.org\/{rel}","templated":true}]}}